{"id":8041,"date":"2025-07-10T23:26:35","date_gmt":"2025-07-10T16:26:35","guid":{"rendered":"https:\/\/wisedoo.org\/?page_id=8041"},"modified":"2025-08-10T20:40:16","modified_gmt":"2025-08-10T13:40:16","slug":"tuyen-dung","status":"publish","type":"page","link":"https:\/\/wisedoo.org\/en\/tuyen-dung\/","title":{"rendered":"Tuy\u1ec3n d\u1ee5ng"},"content":{"rendered":"<div data-elementor-type=\"wp-page\" data-elementor-id=\"8041\" class=\"elementor elementor-8041\">\n\t\t\t\t<div class=\"elementor-element elementor-element-7cd319f e-con-full e-flex e-con e-parent\" data-id=\"7cd319f\" data-element_type=\"container\" data-e-type=\"container\" data-settings=\"{&quot;background_background&quot;:&quot;classic&quot;}\">\n\t\t<div class=\"elementor-element elementor-element-2670845 e-con-full e-flex e-con e-child\" data-id=\"2670845\" data-element_type=\"container\" data-e-type=\"container\">\n\t\t\t\t<\/div>\n\t\t<div class=\"elementor-element elementor-element-215bcef e-con-full e-flex e-con e-child\" data-id=\"215bcef\" data-element_type=\"container\" data-e-type=\"container\">\n\t\t\t\t<div class=\"elementor-element elementor-element-d90ce9b elementor-widget elementor-widget-text-editor\" data-id=\"d90ce9b\" data-element_type=\"widget\" data-e-type=\"widget\" data-widget_type=\"text-editor.default\">\n\t\t\t\t<div class=\"elementor-widget-container\">\n\t\t\t\t\t\t\t\t\t<p>Kh\u00e1m ph\u00e1 c\u01a1 h\u1ed9i vi\u1ec7c l\u00e0m t\u1ea1i WisEdoo<\/p>\t\t\t\t\t\t\t\t<\/div>\n\t\t\t\t<\/div>\n\t\t<div class=\"elementor-element elementor-element-d99ffe9 e-con-full e-flex e-con e-child\" data-id=\"d99ffe9\" data-element_type=\"container\" data-e-type=\"container\">\n\t\t<a class=\"eael-wrapper-link-913a394 --eael-wrapper-link-tag\" href=\"https:\/\/wisedoo.org\/en\/tuyen-dung\/thuc-tap-sinh-noi-dung\/\"><\/a><a data-eael-wrapper-link=\"eael-wrapper-link-913a394\" class=\"elementor-element elementor-element-913a394 e-con-full e-transform e-flex e-con e-child\" data-id=\"913a394\" data-element_type=\"container\" data-e-type=\"container\" data-settings=\"{&quot;background_background&quot;:&quot;classic&quot;,&quot;_transform_scale_effect_hover&quot;:{&quot;unit&quot;:&quot;px&quot;,&quot;size&quot;:1.02,&quot;sizes&quot;:[]},&quot;_transform_scale_effect_hover_tablet&quot;:{&quot;unit&quot;:&quot;px&quot;,&quot;size&quot;:&quot;&quot;,&quot;sizes&quot;:[]},&quot;_transform_scale_effect_hover_mobile&quot;:{&quot;unit&quot;:&quot;px&quot;,&quot;size&quot;:&quot;&quot;,&quot;sizes&quot;:[]}}\">\n\t\t\t\t<div class=\"elementor-element elementor-element-2746c55 elementor-widget elementor-widget-heading\" data-id=\"2746c55\" data-element_type=\"widget\" data-e-type=\"widget\" data-widget_type=\"heading.default\">\n\t\t\t\t<div class=\"elementor-widget-container\">\n\t\t\t\t\t<h6 class=\"elementor-heading-title elementor-size-default\">H\u1ea1n cu\u1ed1i: 17\/08\/2025<\/h6>\t\t\t\t<\/div>\n\t\t\t\t<\/div>\n\t\t<div class=\"elementor-element elementor-element-ba57caa e-con-full e-flex e-con e-child\" data-id=\"ba57caa\" data-element_type=\"container\" data-e-type=\"container\">\n\t\t\t\t<div class=\"elementor-element elementor-element-a798f32 elementor-widget elementor-widget-text-editor\" data-id=\"a798f32\" data-element_type=\"widget\" data-e-type=\"widget\" data-widget_type=\"text-editor.default\">\n\t\t\t\t<div class=\"elementor-widget-container\">\n\t\t\t\t\t\t\t\t\t<p>Th\u1ef1c T\u1eadp Sinh Truy\u1ec1n Th\u00f4ng<\/p>\t\t\t\t\t\t\t\t<\/div>\n\t\t\t\t<\/div>\n\t\t\t\t<div class=\"elementor-element elementor-element-8a32df2 elementor-widget elementor-widget-text-editor\" data-id=\"8a32df2\" data-element_type=\"widget\" data-e-type=\"widget\" data-widget_type=\"text-editor.default\">\n\t\t\t\t<div class=\"elementor-widget-container\">\n\t\t\t\t\t\t\t\t\t<p>B\u1ea1n mu\u1ed1n x\u00e2y d\u1ef1ng n\u1ed9i dung gi\u00e1o d\u1ee5c ch\u1ea5t l\u01b0\u1ee3ng? Kh\u00e1m ph\u00e1 ti\u1ec1m n\u0103ng vi\u1ebft l\u00e1ch v\u00e0 \u0111\u00f3ng g\u00f3p cho c\u1ed9ng \u0111\u1ed3ng c\u00f9ng WisEdoo.<\/p>\t\t\t\t\t\t\t\t<\/div>\n\t\t\t\t<\/div>\n\t\t\t\t<\/div>\n\t\t<div class=\"elementor-element elementor-element-5cf5209 e-con-full e-flex e-con e-child\" data-id=\"5cf5209\" data-element_type=\"container\" data-e-type=\"container\">\n\t\t\t\t<div class=\"elementor-element elementor-element-27771e1 elementor-position-inline-end elementor-mobile-position-inline-end elementor-view-default elementor-widget elementor-widget-icon-box\" data-id=\"27771e1\" data-element_type=\"widget\" data-e-type=\"widget\" data-widget_type=\"icon-box.default\">\n\t\t\t\t<div class=\"elementor-widget-container\">\n\t\t\t\t\t\t\t<div class=\"elementor-icon-box-wrapper\">\n\n\t\t\t\t\t\t<div class=\"elementor-icon-box-icon\">\n\t\t\t\t<span  class=\"elementor-icon\">\n\t\t\t\t<svg aria-hidden=\"true\" class=\"e-font-icon-svg e-fas-arrow-right\" viewbox=\"0 0 448 512\" xmlns=\"http:\/\/www.w3.org\/2000\/svg\"><path d=\"M190.5 66.9l22.2-22.2c9.4-9.4 24.6-9.4 33.9 0L441 239c9.4 9.4 9.4 24.6 0 33.9L246.6 467.3c-9.4 9.4-24.6 9.4-33.9 0l-22.2-22.2c-9.5-9.5-9.3-25 .4-34.3L311.4 296H24c-13.3 0-24-10.7-24-24v-32c0-13.3 10.7-24 24-24h287.4L190.9 101.2c-9.8-9.3-10-24.8-.4-34.3z\"><\/path><\/svg>\t\t\t\t<\/span>\n\t\t\t<\/div>\n\t\t\t\n\t\t\t\t\t\t<div class=\"elementor-icon-box-content\">\n\n\t\t\t\t\n\t\t\t\t\t\t\t\t\t<p class=\"elementor-icon-box-description\">\n\t\t\t\t\t\tXem chi ti\u1ebft\t\t\t\t\t<\/p>\n\t\t\t\t\n\t\t\t<\/div>\n\t\t\t\n\t\t<\/div>\n\t\t\t\t\t\t<\/div>\n\t\t\t\t<\/div>\n\t\t<div class=\"elementor-element elementor-element-45d8f59 e-con-full e-flex e-con e-child\" data-id=\"45d8f59\" data-element_type=\"container\" data-e-type=\"container\">\n\t\t\t\t<div class=\"elementor-element elementor-element-36afe1f elementor-position-inline-start elementor-mobile-position-inline-start elementor-view-default elementor-widget elementor-widget-icon-box\" data-id=\"36afe1f\" data-element_type=\"widget\" data-e-type=\"widget\" data-widget_type=\"icon-box.default\">\n\t\t\t\t<div class=\"elementor-widget-container\">\n\t\t\t\t\t\t\t<div class=\"elementor-icon-box-wrapper\">\n\n\t\t\t\t\t\t<div class=\"elementor-icon-box-icon\">\n\t\t\t\t<span  class=\"elementor-icon\">\n\t\t\t\t<svg aria-hidden=\"true\" class=\"e-font-icon-svg e-far-clock\" viewbox=\"0 0 512 512\" xmlns=\"http:\/\/www.w3.org\/2000\/svg\"><path d=\"M256 8C119 8 8 119 8 256s111 248 248 248 248-111 248-248S393 8 256 8zm0 448c-110.5 0-200-89.5-200-200S145.5 56 256 56s200 89.5 200 200-89.5 200-200 200zm61.8-104.4l-84.9-61.7c-3.1-2.3-4.9-5.9-4.9-9.7V116c0-6.6 5.4-12 12-12h32c6.6 0 12 5.4 12 12v141.7l66.8 48.6c5.4 3.9 6.5 11.4 2.6 16.8L334.6 349c-3.9 5.3-11.4 6.5-16.8 2.6z\"><\/path><\/svg>\t\t\t\t<\/span>\n\t\t\t<\/div>\n\t\t\t\n\t\t\t\t\t\t<div class=\"elementor-icon-box-content\">\n\n\t\t\t\t\n\t\t\t\t\t\t\t\t\t<p class=\"elementor-icon-box-description\">\n\t\t\t\t\t\t10h\/tu\u1ea7n\t\t\t\t\t<\/p>\n\t\t\t\t\n\t\t\t<\/div>\n\t\t\t\n\t\t<\/div>\n\t\t\t\t\t\t<\/div>\n\t\t\t\t<\/div>\n\t\t\t\t<div class=\"elementor-element elementor-element-d0ab3b4 elementor-position-inline-start elementor-mobile-position-inline-start elementor-view-default elementor-widget elementor-widget-icon-box\" data-id=\"d0ab3b4\" data-element_type=\"widget\" data-e-type=\"widget\" data-widget_type=\"icon-box.default\">\n\t\t\t\t<div class=\"elementor-widget-container\">\n\t\t\t\t\t\t\t<div class=\"elementor-icon-box-wrapper\">\n\n\t\t\t\t\t\t<div class=\"elementor-icon-box-icon\">\n\t\t\t\t<span  class=\"elementor-icon\">\n\t\t\t\t<svg aria-hidden=\"true\" class=\"e-font-icon-svg e-fas-laptop\" viewbox=\"0 0 640 512\" xmlns=\"http:\/\/www.w3.org\/2000\/svg\"><path d=\"M624 416H381.54c-.74 19.81-14.71 32-32.74 32H288c-18.69 0-33.02-17.47-32.77-32H16c-8.8 0-16 7.2-16 16v16c0 35.2 28.8 64 64 64h512c35.2 0 64-28.8 64-64v-16c0-8.8-7.2-16-16-16zM576 48c0-26.4-21.6-48-48-48H112C85.6 0 64 21.6 64 48v336h512V48zm-64 272H128V64h384v256z\"><\/path><\/svg>\t\t\t\t<\/span>\n\t\t\t<\/div>\n\t\t\t\n\t\t\t\t\t\t<div class=\"elementor-icon-box-content\">\n\n\t\t\t\t\n\t\t\t\t\t\t\t\t\t<p class=\"elementor-icon-box-description\">\n\t\t\t\t\t\tRemote 100%\t\t\t\t\t<\/p>\n\t\t\t\t\n\t\t\t<\/div>\n\t\t\t\n\t\t<\/div>\n\t\t\t\t\t\t<\/div>\n\t\t\t\t<\/div>\n\t\t\t\t<div class=\"elementor-element elementor-element-8abee0d elementor-position-inline-start elementor-mobile-position-inline-start elementor-view-default elementor-widget elementor-widget-icon-box\" data-id=\"8abee0d\" data-element_type=\"widget\" data-e-type=\"widget\" data-widget_type=\"icon-box.default\">\n\t\t\t\t<div class=\"elementor-widget-container\">\n\t\t\t\t\t\t\t<div class=\"elementor-icon-box-wrapper\">\n\n\t\t\t\t\t\t<div class=\"elementor-icon-box-icon\">\n\t\t\t\t<span  class=\"elementor-icon\">\n\t\t\t\t<svg aria-hidden=\"true\" class=\"e-font-icon-svg e-fas-dollar-sign\" viewbox=\"0 0 288 512\" xmlns=\"http:\/\/www.w3.org\/2000\/svg\"><path d=\"M209.2 233.4l-108-31.6C88.7 198.2 80 186.5 80 173.5c0-16.3 13.2-29.5 29.5-29.5h66.3c12.2 0 24.2 3.7 34.2 10.5 6.1 4.1 14.3 3.1 19.5-2l34.8-34c7.1-6.9 6.1-18.4-1.8-24.5C238 74.8 207.4 64.1 176 64V16c0-8.8-7.2-16-16-16h-32c-8.8 0-16 7.2-16 16v48h-2.5C45.8 64-5.4 118.7.5 183.6c4.2 46.1 39.4 83.6 83.8 96.6l102.5 30c12.5 3.7 21.2 15.3 21.2 28.3 0 16.3-13.2 29.5-29.5 29.5h-66.3C100 368 88 364.3 78 357.5c-6.1-4.1-14.3-3.1-19.5 2l-34.8 34c-7.1 6.9-6.1 18.4 1.8 24.5 24.5 19.2 55.1 29.9 86.5 30v48c0 8.8 7.2 16 16 16h32c8.8 0 16-7.2 16-16v-48.2c46.6-.9 90.3-28.6 105.7-72.7 21.5-61.6-14.6-124.8-72.5-141.7z\"><\/path><\/svg>\t\t\t\t<\/span>\n\t\t\t<\/div>\n\t\t\t\n\t\t\t\t\t\t<div class=\"elementor-icon-box-content\">\n\n\t\t\t\t\n\t\t\t\t\t\t\t\t\t<p class=\"elementor-icon-box-description\">\n\t\t\t\t\t\tC\u00f3 h\u1ed7 tr\u1ee3 chi ph\u00ed\t\t\t\t\t<\/p>\n\t\t\t\t\n\t\t\t<\/div>\n\t\t\t\n\t\t<\/div>\n\t\t\t\t\t\t<\/div>\n\t\t\t\t<\/div>\n\t\t\t\t<\/div>\n\t\t\t\t<\/div>\n\t\t\t\t<\/a>\n\t\t\t\t<\/div>\n\t\t\t\t<\/div>\n\t\t<div class=\"elementor-element elementor-element-c729557 e-con-full e-flex e-con e-child\" data-id=\"c729557\" data-element_type=\"container\" data-e-type=\"container\">\n\t\t\t\t<\/div>\n\t\t\t\t<\/div>\n\t\t\t\t<\/div>","protected":false},"excerpt":{"rendered":"<p>Kh\u00e1m ph\u00e1 c\u01a1 h\u1ed9i vi\u1ec7c l\u00e0m t\u1ea1i WisEdoo H\u1ea1n cu\u1ed1i: 17\/08\/2025 Th\u1ef1c T\u1eadp Sinh Truy\u1ec1n Th\u00f4ng B\u1ea1n mu\u1ed1n x\u00e2y d\u1ef1ng n\u1ed9i dung gi\u00e1o d\u1ee5c ch\u1ea5t l\u01b0\u1ee3ng? Kh\u00e1m ph\u00e1 ti\u1ec1m n\u0103ng vi\u1ebft l\u00e1ch v\u00e0 \u0111\u00f3ng g\u00f3p cho c\u1ed9ng \u0111\u1ed3ng c\u00f9ng WisEdoo. Xem chi ti\u1ebft 10h\/tu\u1ea7n Remote 100% C\u00f3 h\u1ed7 tr\u1ee3 chi ph\u00ed<\/p>","protected":false},"author":244659524,"featured_media":0,"parent":0,"menu_order":0,"comment_status":"closed","ping_status":"closed","template":"","meta":{"site-sidebar-layout":"no-sidebar","site-content-layout":"page-builder","ast-site-content-layout":"full-width-container","site-content-style":"default","site-sidebar-style":"default","ast-global-header-display":"","ast-banner-title-visibility":"","ast-main-header-display":"","ast-hfb-above-header-display":"","ast-hfb-below-header-display":"","ast-hfb-mobile-header-display":"","site-post-title":"disabled","ast-breadcrumbs-content":"","ast-featured-img":"disabled","footer-sml-layout":"","theme-transparent-header-meta":"","adv-header-id-meta":"","stick-header-meta":"","header-above-stick-meta":"","header-main-stick-meta":"","header-below-stick-meta":"","astra-migrate-meta-layouts":"set","ast-page-background-enabled":"default","ast-page-background-meta":{"desktop":{"background-color":"","background-image":"","background-repeat":"repeat","background-position":"center center","background-size":"auto","background-attachment":"scroll","background-type":"","background-media":"","overlay-type":"","overlay-color":"","overlay-gradient":""},"tablet":{"background-color":"","background-image":"","background-repeat":"repeat","background-position":"center center","background-size":"auto","background-attachment":"scroll","background-type":"","background-media":"","overlay-type":"","overlay-color":"","overlay-gradient":""},"mobile":{"background-color":"","background-image":"","background-repeat":"repeat","background-position":"center center","background-size":"auto","background-attachment":"scroll","background-type":"","background-media":"","overlay-type":"","overlay-color":"","overlay-gradient":""}},"ast-content-background-meta":{"desktop":{"background-color":"var(--ast-global-color-5)","background-image":"","background-repeat":"repeat","background-position":"center center","background-size":"auto","background-attachment":"scroll","background-type":"","background-media":"","overlay-type":"","overlay-color":"","overlay-gradient":""},"tablet":{"background-color":"var(--ast-global-color-5)","background-image":"","background-repeat":"repeat","background-position":"center center","background-size":"auto","background-attachment":"scroll","background-type":"","background-media":"","overlay-type":"","overlay-color":"","overlay-gradient":""},"mobile":{"background-color":"var(--ast-global-color-5)","background-image":"","background-repeat":"repeat","background-position":"center center","background-size":"auto","background-attachment":"scroll","background-type":"","background-media":"","overlay-type":"","overlay-color":"","overlay-gradient":""}},"footnotes":""},"class_list":["post-8041","page","type-page","status-publish","hentry"],"yoast_head":"<!-- This site is optimized with the Yoast SEO plugin v27.4 - https:\/\/yoast.com\/product\/yoast-seo-wordpress\/ -->\n<title>Tuy\u1ec3n d\u1ee5ng - Wisedoo<\/title>\n<meta name=\"robots\" content=\"index, follow, max-snippet:-1, max-image-preview:large, max-video-preview:-1\" \/>\n<link rel=\"canonical\" href=\"https:\/\/wisedoo.org\/en\/tuyen-dung\/\" \/>\n<meta property=\"og:locale\" content=\"en_US\" \/>\n<meta property=\"og:type\" content=\"article\" \/>\n<meta property=\"og:title\" content=\"Tuy\u1ec3n d\u1ee5ng - Wisedoo\" \/>\n<meta property=\"og:description\" content=\"Kh\u00e1m ph\u00e1 c\u01a1 h\u1ed9i vi\u1ec7c l\u00e0m t\u1ea1i WisEdoo H\u1ea1n cu\u1ed1i: 17\/08\/2025 Th\u1ef1c T\u1eadp Sinh Truy\u1ec1n Th\u00f4ng B\u1ea1n mu\u1ed1n x\u00e2y d\u1ef1ng n\u1ed9i dung gi\u00e1o d\u1ee5c ch\u1ea5t l\u01b0\u1ee3ng? Kh\u00e1m ph\u00e1 ti\u1ec1m n\u0103ng vi\u1ebft l\u00e1ch v\u00e0 \u0111\u00f3ng g\u00f3p cho c\u1ed9ng \u0111\u1ed3ng c\u00f9ng WisEdoo. Xem chi ti\u1ebft 10h\/tu\u1ea7n Remote 100% C\u00f3 h\u1ed7 tr\u1ee3 chi ph\u00ed\" \/>\n<meta property=\"og:url\" content=\"https:\/\/wisedoo.org\/en\/tuyen-dung\/\" \/>\n<meta property=\"og:site_name\" content=\"Wisedoo\" \/>\n<meta property=\"article:modified_time\" content=\"2025-08-10T13:40:16+00:00\" \/>\n<meta name=\"twitter:card\" content=\"summary_large_image\" \/>\n<meta name=\"twitter:label1\" content=\"Est. reading time\" \/>\n\t<meta name=\"twitter:data1\" content=\"1 minute\" \/>\n<script type=\"application\/ld+json\" class=\"yoast-schema-graph\">{\"@context\":\"https:\\\/\\\/schema.org\",\"@graph\":[{\"@type\":\"WebPage\",\"@id\":\"https:\\\/\\\/wisedoo.org\\\/tuyen-dung\\\/\",\"url\":\"https:\\\/\\\/wisedoo.org\\\/tuyen-dung\\\/\",\"name\":\"Tuy\u1ec3n d\u1ee5ng - Wisedoo\",\"isPartOf\":{\"@id\":\"https:\\\/\\\/wisedoo.org\\\/#website\"},\"datePublished\":\"2025-07-10T16:26:35+00:00\",\"dateModified\":\"2025-08-10T13:40:16+00:00\",\"breadcrumb\":{\"@id\":\"https:\\\/\\\/wisedoo.org\\\/tuyen-dung\\\/#breadcrumb\"},\"inLanguage\":\"en-US\",\"potentialAction\":[{\"@type\":\"ReadAction\",\"target\":[\"https:\\\/\\\/wisedoo.org\\\/tuyen-dung\\\/\"]}]},{\"@type\":\"BreadcrumbList\",\"@id\":\"https:\\\/\\\/wisedoo.org\\\/tuyen-dung\\\/#breadcrumb\",\"itemListElement\":[{\"@type\":\"ListItem\",\"position\":1,\"name\":\"Home\",\"item\":\"https:\\\/\\\/wisedoo.org\\\/\"},{\"@type\":\"ListItem\",\"position\":2,\"name\":\"Tuy\u1ec3n d\u1ee5ng\"}]},{\"@type\":\"WebSite\",\"@id\":\"https:\\\/\\\/wisedoo.org\\\/#website\",\"url\":\"https:\\\/\\\/wisedoo.org\\\/\",\"name\":\"Wisedoo\",\"description\":\"A Journey to Excellence.\",\"publisher\":{\"@id\":\"https:\\\/\\\/wisedoo.org\\\/#organization\"},\"potentialAction\":[{\"@type\":\"SearchAction\",\"target\":{\"@type\":\"EntryPoint\",\"urlTemplate\":\"https:\\\/\\\/wisedoo.org\\\/?s={search_term_string}\"},\"query-input\":{\"@type\":\"PropertyValueSpecification\",\"valueRequired\":true,\"valueName\":\"search_term_string\"}}],\"inLanguage\":\"en-US\"},{\"@type\":\"Organization\",\"@id\":\"https:\\\/\\\/wisedoo.org\\\/#organization\",\"name\":\"Wisedoo\",\"url\":\"https:\\\/\\\/wisedoo.org\\\/\",\"logo\":{\"@type\":\"ImageObject\",\"inLanguage\":\"en-US\",\"@id\":\"https:\\\/\\\/wisedoo.org\\\/#\\\/schema\\\/logo\\\/image\\\/\",\"url\":\"https:\\\/\\\/i0.wp.com\\\/wisedoo.org\\\/wp-content\\\/uploads\\\/2024\\\/01\\\/LogoFullColor.png?fit=901%2C310&ssl=1\",\"contentUrl\":\"https:\\\/\\\/i0.wp.com\\\/wisedoo.org\\\/wp-content\\\/uploads\\\/2024\\\/01\\\/LogoFullColor.png?fit=901%2C310&ssl=1\",\"width\":901,\"height\":310,\"caption\":\"Wisedoo\"},\"image\":{\"@id\":\"https:\\\/\\\/wisedoo.org\\\/#\\\/schema\\\/logo\\\/image\\\/\"}}]}<\/script>\n<!-- \/ Yoast SEO plugin. -->","yoast_head_json":{"title":"Tuy\u1ec3n d\u1ee5ng - Wisedoo","robots":{"index":"index","follow":"follow","max-snippet":"max-snippet:-1","max-image-preview":"max-image-preview:large","max-video-preview":"max-video-preview:-1"},"canonical":"https:\/\/wisedoo.org\/en\/tuyen-dung\/","og_locale":"en_US","og_type":"article","og_title":"Tuy\u1ec3n d\u1ee5ng - Wisedoo","og_description":"Kh\u00e1m ph\u00e1 c\u01a1 h\u1ed9i vi\u1ec7c l\u00e0m t\u1ea1i WisEdoo H\u1ea1n cu\u1ed1i: 17\/08\/2025 Th\u1ef1c T\u1eadp Sinh Truy\u1ec1n Th\u00f4ng B\u1ea1n mu\u1ed1n x\u00e2y d\u1ef1ng n\u1ed9i dung gi\u00e1o d\u1ee5c ch\u1ea5t l\u01b0\u1ee3ng? Kh\u00e1m ph\u00e1 ti\u1ec1m n\u0103ng vi\u1ebft l\u00e1ch v\u00e0 \u0111\u00f3ng g\u00f3p cho c\u1ed9ng \u0111\u1ed3ng c\u00f9ng WisEdoo. Xem chi ti\u1ebft 10h\/tu\u1ea7n Remote 100% C\u00f3 h\u1ed7 tr\u1ee3 chi ph\u00ed","og_url":"https:\/\/wisedoo.org\/en\/tuyen-dung\/","og_site_name":"Wisedoo","article_modified_time":"2025-08-10T13:40:16+00:00","twitter_card":"summary_large_image","twitter_misc":{"Est. reading time":"1 minute"},"schema":{"@context":"https:\/\/schema.org","@graph":[{"@type":"WebPage","@id":"https:\/\/wisedoo.org\/tuyen-dung\/","url":"https:\/\/wisedoo.org\/tuyen-dung\/","name":"Tuy\u1ec3n d\u1ee5ng - Wisedoo","isPartOf":{"@id":"https:\/\/wisedoo.org\/#website"},"datePublished":"2025-07-10T16:26:35+00:00","dateModified":"2025-08-10T13:40:16+00:00","breadcrumb":{"@id":"https:\/\/wisedoo.org\/tuyen-dung\/#breadcrumb"},"inLanguage":"en-US","potentialAction":[{"@type":"ReadAction","target":["https:\/\/wisedoo.org\/tuyen-dung\/"]}]},{"@type":"BreadcrumbList","@id":"https:\/\/wisedoo.org\/tuyen-dung\/#breadcrumb","itemListElement":[{"@type":"ListItem","position":1,"name":"Home","item":"https:\/\/wisedoo.org\/"},{"@type":"ListItem","position":2,"name":"Tuy\u1ec3n d\u1ee5ng"}]},{"@type":"WebSite","@id":"https:\/\/wisedoo.org\/#website","url":"https:\/\/wisedoo.org\/","name":"Wisedoo","description":"A Journey to Excellence.","publisher":{"@id":"https:\/\/wisedoo.org\/#organization"},"potentialAction":[{"@type":"SearchAction","target":{"@type":"EntryPoint","urlTemplate":"https:\/\/wisedoo.org\/?s={search_term_string}"},"query-input":{"@type":"PropertyValueSpecification","valueRequired":true,"valueName":"search_term_string"}}],"inLanguage":"en-US"},{"@type":"Organization","@id":"https:\/\/wisedoo.org\/#organization","name":"Wisedoo","url":"https:\/\/wisedoo.org\/","logo":{"@type":"ImageObject","inLanguage":"en-US","@id":"https:\/\/wisedoo.org\/#\/schema\/logo\/image\/","url":"https:\/\/i0.wp.com\/wisedoo.org\/wp-content\/uploads\/2024\/01\/LogoFullColor.png?fit=901%2C310&ssl=1","contentUrl":"https:\/\/i0.wp.com\/wisedoo.org\/wp-content\/uploads\/2024\/01\/LogoFullColor.png?fit=901%2C310&ssl=1","width":901,"height":310,"caption":"Wisedoo"},"image":{"@id":"https:\/\/wisedoo.org\/#\/schema\/logo\/image\/"}}]}},"jetpack_likes_enabled":true,"jetpack_sharing_enabled":true,"jetpack_shortlink":"https:\/\/wp.me\/Pfp7UI-25H","rttpg_featured_image_url":null,"rttpg_author":{"display_name":"WisEdoo","author_link":"https:\/\/wisedoo.org\/en\/author\/techsupport20a3f6a314\/"},"rttpg_comment":0,"rttpg_category":null,"rttpg_excerpt":"Kh\u00e1m ph\u00e1 c\u01a1 h\u1ed9i vi\u1ec7c l\u00e0m t\u1ea1i WisEdoo H\u1ea1n cu\u1ed1i: 17\/08\/2025 Th\u1ef1c T\u1eadp Sinh Truy\u1ec1n Th\u00f4ng B\u1ea1n mu\u1ed1n x\u00e2y d\u1ef1ng n\u1ed9i dung gi\u00e1o d\u1ee5c ch\u1ea5t l\u01b0\u1ee3ng? Kh\u00e1m ph\u00e1 ti\u1ec1m n\u0103ng vi\u1ebft l\u00e1ch v\u00e0 \u0111\u00f3ng g\u00f3p cho c\u1ed9ng \u0111\u1ed3ng c\u00f9ng WisEdoo. Xem chi ti\u1ebft 10h\/tu\u1ea7n Remote 100% C\u00f3 h\u1ed7 tr\u1ee3 chi ph\u00ed","_links":{"self":[{"href":"https:\/\/wisedoo.org\/en\/wp-json\/wp\/v2\/pages\/8041","targetHints":{"allow":["GET"]}}],"collection":[{"href":"https:\/\/wisedoo.org\/en\/wp-json\/wp\/v2\/pages"}],"about":[{"href":"https:\/\/wisedoo.org\/en\/wp-json\/wp\/v2\/types\/page"}],"author":[{"embeddable":true,"href":"https:\/\/wisedoo.org\/en\/wp-json\/wp\/v2\/users\/244659524"}],"replies":[{"embeddable":true,"href":"https:\/\/wisedoo.org\/en\/wp-json\/wp\/v2\/comments?post=8041"}],"version-history":[{"count":35,"href":"https:\/\/wisedoo.org\/en\/wp-json\/wp\/v2\/pages\/8041\/revisions"}],"predecessor-version":[{"id":8381,"href":"https:\/\/wisedoo.org\/en\/wp-json\/wp\/v2\/pages\/8041\/revisions\/8381"}],"wp:attachment":[{"href":"https:\/\/wisedoo.org\/en\/wp-json\/wp\/v2\/media?parent=8041"}],"curies":[{"name":"wp","href":"https:\/\/api.w.org\/{rel}","templated":true}]}}